{"id":8028,"date":"2018-12-10T03:06:47","date_gmt":"2018-12-10T03:06:47","guid":{"rendered":"http:\/\/travelhotel.wpengine.com\/?page_id=8028"},"modified":"2020-01-03T21:14:00","modified_gmt":"2020-01-03T21:14:00","slug":"empresa","status":"publish","type":"page","link":"http:\/\/tabaratravel.com.ar\/es\/empresa\/","title":{"rendered":"Sobre Nosotros"},"content":{"rendered":"<p>[vc_row][vc_column width=\u00bb1\/2&#8243;][vc_empty_space height=\u00bb60px\u00bb][vc_column_text el_class=\u00bbst-aboutus-title\u00bb]<\/p>\n<h3>Qui\u00e9nes Somos<\/h3>\n<p>[\/vc_column_text][vc_column_text el_class=\u00bbst-aboutus-content\u00bb]Somos una agencia de viajes conformada por profesionales expertos y apasionados por lo que hacemos. Nuestra s\u00f3lida experiencia nos permite ofrecer los mejores destinos brindando atenci\u00f3n personalizada y asegurando la satisfacci\u00f3n de nuestros clientes.<\/p>\n<p>Nuestro conocimiento de los destinos nos permite brindar servicios de excelencia para viajes de placer y negocios.<\/p>\n<p>Sabemos que cada cliente es \u00fanico y por eso nos ocupamos de conocer sus gustos y preferencias, adapt\u00e1ndonos a cada circunstancia, con el fin de superar sus expectativas.<\/p>\n<p><strong>Ponemos a disposici\u00f3n nuestra experiencia, para que la tuya sea inigualable. <\/strong>[\/vc_column_text][\/vc_column][vc_column width=\u00bb1\/2&#8243;][vc_empty_space height=\u00bb60px\u00bb][vc_single_image image=\u00bb924&#8243; img_size=\u00bbfull\u00bb alignment=\u00bbcenter\u00bb css_animation=\u00bbnone\u00bb][\/vc_column][\/vc_row][vc_row][vc_column width=\u00bb1\/2&#8243;][vc_column_text el_class=\u00bbst-aboutus-title\u00bb]<\/p>\n<h3>Nuestra Misi\u00f3n<\/h3>\n<p>[\/vc_column_text][vc_column_text el_class=\u00bbst-aboutus-content\u00bb]Ofrecer servicios innovadores y de calidad antes, durante y despu\u00e9s del viaje[\/vc_column_text][vc_empty_space height=\u00bb30px\u00bb][\/vc_column][vc_column width=\u00bb1\/2&#8243;][vc_column_text el_class=\u00bbst-aboutus-title\u00bb]<\/p>\n<h3>Nuestra Visi\u00f3n<\/h3>\n<p>[\/vc_column_text][vc_column_text el_class=\u00bbst-aboutus-content\u00bb]Ser l\u00edderes en atenci\u00f3n al cliente, garantizando la calidad de los servicios en los mejores destinos del mundo.[\/vc_column_text][vc_empty_space height=\u00bb30px\u00bb][\/vc_column][\/vc_row][vc_row disable_element=\u00bbyes\u00bb][vc_column][vc_empty_space height=\u00bb20px\u00bb]<div class=\"st-list-statistic\"><div class=\"row\">            <div class=\"col-md-3 col-sm-6\">\n                <div class=\"item-wrapper\">\n                    <div class=\"item\">\n                        <div class=\"front\">\n                            <div class=\"inner\">\n                                <h4>100+<\/h4>\n                                <p class=\"sub-text\">partner<\/p>\n                            <\/div>\n                        <\/div>\n                        <div class=\"end\">\n                            <p class=\"desc\">Nam dapibus nisl vitae elit fringilla rutrum. Aenean sollicitudin, erat a elementum rutrum, neque sem pretium metus, quis mollis nisl nunc et massa.<\/p>\n                        <\/div>\n                    <\/div>\n                <\/div>\n            <\/div>\n                        <div class=\"col-md-3 col-sm-6\">\n                <div class=\"item-wrapper\">\n                    <div class=\"item\">\n                        <div class=\"front\">\n                            <div class=\"inner\">\n                                <h4>2k+<\/h4>\n                                <p class=\"sub-text\">properties<\/p>\n                            <\/div>\n                        <\/div>\n                        <div class=\"end\">\n                            <p class=\"desc\">Nam dapibus nisl vitae elit fringilla rutrum. Aenean sollicitudin, erat a elementum rutrum, neque sem pretium metus, quis mollis nisl nunc et massa.<\/p>\n                        <\/div>\n                    <\/div>\n                <\/div>\n            <\/div>\n                        <div class=\"col-md-3 col-sm-6\">\n                <div class=\"item-wrapper\">\n                    <div class=\"item\">\n                        <div class=\"front\">\n                            <div class=\"inner\">\n                                <h4>300+<\/h4>\n                                <p class=\"sub-text\">destinations<\/p>\n                            <\/div>\n                        <\/div>\n                        <div class=\"end\">\n                            <p class=\"desc\">Nam dapibus nisl vitae elit fringilla rutrum. Aenean sollicitudin, erat a elementum rutrum, neque sem pretium metus, quis mollis nisl nunc et massa.<\/p>\n                        <\/div>\n                    <\/div>\n                <\/div>\n            <\/div>\n                        <div class=\"col-md-3 col-sm-6\">\n                <div class=\"item-wrapper\">\n                    <div class=\"item\">\n                        <div class=\"front\">\n                            <div class=\"inner\">\n                                <h4>40k+<\/h4>\n                                <p class=\"sub-text\">booking<\/p>\n                            <\/div>\n                        <\/div>\n                        <div class=\"end\">\n                            <p class=\"desc\">Nam dapibus nisl vitae elit fringilla rutrum. Aenean sollicitudin, erat a elementum rutrum, neque sem pretium metus, quis mollis nisl nunc et massa.<\/p>\n                        <\/div>\n                    <\/div>\n                <\/div>\n            <\/div>\n            <\/div><\/div>[vc_empty_space height=\u00bb65px\u00bb]<div class=\"st-aboutus-info\">\n        <p class=\"message\">\"Aenean sollicitudin, erat a elementum rutrum, neque sem pretium metus, quis mollis nisl nunc et massa. Nam dapibus nisl vitae elit fringilla rutrum.\"<\/p>\n        <img decoding=\"async\" src=\"http:\/\/tabaratravel.com.ar\/es\/wp-content\/uploads\/2018\/12\/default_avatar.png\" alt=\"Viajes | Turismo | Paquetes Tur\u00edsticos\"\/>            <p class=\"name\">Adam Blin<\/p>\n                <p class=\"pos\">Founder<\/p>\n    <\/div>[vc_empty_space height=\u00bb65px\u00bb][\/vc_column][\/vc_row][vc_row full_width=\u00bbstretch_row_content_no_spaces\u00bb row_fullwidth=\u00bbyes\u00bb][vc_column css=\u00bb.vc_custom_1543386510262{padding-right: 0px !important;padding-left: 0px !important;}\u00bb]<div class=\"st-aboutus-gallery\">\n            <div class=\"st-flickity st-gallery\">\n            <div class=\"carousel\"\n                 data-flickity='{ \"wrapAround\": true, \"pageDots\": true , \"autoPlay\" : true}'>\n                                    <div class=\"item\" style=\"background-image: url('http:\/\/tabaratravel.com.ar\/es\/wp-content\/uploads\/2019\/11\/road-1303617_1920.jpg')\"><\/div>\n                                        <div class=\"item\" style=\"background-image: url('http:\/\/tabaratravel.com.ar\/es\/wp-content\/uploads\/2019\/11\/tower-3584313_1920.jpg')\"><\/div>\n                                        <div class=\"item\" style=\"background-image: url('http:\/\/tabaratravel.com.ar\/es\/wp-content\/uploads\/2019\/11\/nature-2032666_1920.jpg')\"><\/div>\n                                        <div class=\"item\" style=\"background-image: url('http:\/\/tabaratravel.com.ar\/es\/wp-content\/uploads\/2019\/11\/perast-4612526_1920.jpg')\"><\/div>\n                                <\/div>\n            <div class=\"slogan\">\n                <h4>Cont\u00e1ctenos<\/h4>\n                                        <a href=\"#\" target=\"\" class=\"btn btn-primary\">Contacto<\/a>\n                                <\/div>\n        <\/div>\n    <\/div>\n[\/vc_column][\/vc_row][vc_row disable_element=\u00bbyes\u00bb][vc_column][vc_empty_space height=\u00bb130px\u00bb]<div class=\"st-aboutus-team\">\n    <h3>Leadership Team<\/h3>\n    <div class=\"row\"><div class=\"col-md-3 col-sm-6 item\">            <div class=\"thumb\">\n                <img decoding=\"async\" src=\"http:\/\/tabaratravel.com.ar\/es\/wp-content\/uploads\/2018\/12\/default_avatar.png\" class=\"img-responsive\" \/>\n                                    <div class=\"social\">\n                        <ul>                                <li><a href=\"#face\"><i class=\"fa fa-facebook\"><\/i><\/a><\/li>\n                                                            <li><a href=\"#tw\"><i class=\"fa fa-twitter\"><\/i><\/a><\/li>\n                                                            <li><a href=\"#ins\"><i class=\"fa fa-instagram\"><\/i><\/a><\/li>\n                            <\/ul>                    <\/div>\n                                <\/div>\n            <p class=\"name\">Eva Hicks<\/p>\n            <p class=\"pos\">CEO<\/p>\n            <\/div><div class=\"col-md-3 col-sm-6 item\">            <div class=\"thumb\">\n                <img decoding=\"async\" src=\"http:\/\/tabaratravel.com.ar\/es\/wp-content\/uploads\/2018\/12\/default_avatar.png\" class=\"img-responsive\" \/>\n                                    <div class=\"social\">\n                        <ul>                                <li><a href=\"#face\"><i class=\"fa fa-facebook\"><\/i><\/a><\/li>\n                                                            <li><a href=\"#tw\"><i class=\"fa fa-twitter\"><\/i><\/a><\/li>\n                                                            <li><a href=\"#ins\"><i class=\"fa fa-instagram\"><\/i><\/a><\/li>\n                            <\/ul>                    <\/div>\n                                <\/div>\n            <p class=\"name\">Evan Porter<\/p>\n            <p class=\"pos\">COO<\/p>\n            <\/div><div class=\"col-md-3 col-sm-6 item\">            <div class=\"thumb\">\n                <img decoding=\"async\" src=\"http:\/\/tabaratravel.com.ar\/es\/wp-content\/uploads\/2018\/12\/default_avatar.png\" class=\"img-responsive\" \/>\n                                    <div class=\"social\">\n                        <ul>                                <li><a href=\"#face\"><i class=\"fa fa-facebook\"><\/i><\/a><\/li>\n                                                            <li><a href=\"#tw\"><i class=\"fa fa-twitter\"><\/i><\/a><\/li>\n                                                            <li><a href=\"#ins\"><i class=\"fa fa-instagram\"><\/i><\/a><\/li>\n                            <\/ul>                    <\/div>\n                                <\/div>\n            <p class=\"name\">Donald Wolf<\/p>\n            <p class=\"pos\">Account Manager<\/p>\n            <\/div><div class=\"col-md-3 col-sm-6 item\">            <div class=\"thumb\">\n                <img decoding=\"async\" src=\"http:\/\/tabaratravel.com.ar\/es\/wp-content\/uploads\/2018\/12\/default_avatar.png\" class=\"img-responsive\" \/>\n                                    <div class=\"social\">\n                        <ul>                                <li><a href=\"#face\"><i class=\"fa fa-facebook\"><\/i><\/a><\/li>\n                                                            <li><a href=\"#tw\"><i class=\"fa fa-twitter\"><\/i><\/a><\/li>\n                                                            <li><a href=\"#ins\"><i class=\"fa fa-instagram\"><\/i><\/a><\/li>\n                            <\/ul>                    <\/div>\n                                <\/div>\n            <p class=\"name\">Charlie Harrington<\/p>\n            <p class=\"pos\">Sales Support<\/p>\n            <\/div><div class=\"col-md-3 col-sm-6 item\">            <div class=\"thumb\">\n                <img decoding=\"async\" src=\"http:\/\/tabaratravel.com.ar\/es\/wp-content\/uploads\/2018\/12\/default_avatar.png\" class=\"img-responsive\" \/>\n                                    <div class=\"social\">\n                        <ul>                                <li><a href=\"#face\"><i class=\"fa fa-facebook\"><\/i><\/a><\/li>\n                                                            <li><a href=\"#tw\"><i class=\"fa fa-twitter\"><\/i><\/a><\/li>\n                                                            <li><a href=\"#ins\"><i class=\"fa fa-instagram\"><\/i><\/a><\/li>\n                            <\/ul>                    <\/div>\n                                <\/div>\n            <p class=\"name\">Melody Marshall<\/p>\n            <p class=\"pos\">Order Manager<\/p>\n            <\/div><div class=\"col-md-3 col-sm-6 item\">            <div class=\"thumb\">\n                <img decoding=\"async\" src=\"http:\/\/tabaratravel.com.ar\/es\/wp-content\/uploads\/2018\/12\/default_avatar.png\" class=\"img-responsive\" \/>\n                                    <div class=\"social\">\n                        <ul>                                <li><a href=\"#face\"><i class=\"fa fa-facebook\"><\/i><\/a><\/li>\n                                                            <li><a href=\"#tw\"><i class=\"fa fa-twitter\"><\/i><\/a><\/li>\n                                                            <li><a href=\"#ins\"><i class=\"fa fa-instagram\"><\/i><\/a><\/li>\n                            <\/ul>                    <\/div>\n                                <\/div>\n            <p class=\"name\">Lee Cunningham<\/p>\n            <p class=\"pos\">Designer<\/p>\n            <\/div><div class=\"col-md-3 col-sm-6 item\">            <div class=\"thumb\">\n                <img decoding=\"async\" src=\"http:\/\/tabaratravel.com.ar\/es\/wp-content\/uploads\/2018\/12\/default_avatar.png\" class=\"img-responsive\" \/>\n                                    <div class=\"social\">\n                        <ul>                                <li><a href=\"#face\"><i class=\"fa fa-facebook\"><\/i><\/a><\/li>\n                                                            <li><a href=\"#tw\"><i class=\"fa fa-twitter\"><\/i><\/a><\/li>\n                                                            <li><a href=\"#ins\"><i class=\"fa fa-instagram\"><\/i><\/a><\/li>\n                            <\/ul>                    <\/div>\n                                <\/div>\n            <p class=\"name\">Kody Byrd<\/p>\n            <p class=\"pos\">QC Manager<\/p>\n            <\/div><div class=\"col-md-3 col-sm-6 item\">            <div class=\"thumb\">\n                <img decoding=\"async\" src=\"http:\/\/tabaratravel.com.ar\/es\/wp-content\/uploads\/2018\/12\/default_avatar.png\" class=\"img-responsive\" \/>\n                                    <div class=\"social\">\n                        <ul>                                <li><a href=\"#face\"><i class=\"fa fa-facebook\"><\/i><\/a><\/li>\n                                                            <li><a href=\"#tw\"><i class=\"fa fa-twitter\"><\/i><\/a><\/li>\n                                                            <li><a href=\"#ins\"><i class=\"fa fa-instagram\"><\/i><\/a><\/li>\n                            <\/ul>                    <\/div>\n                                <\/div>\n            <p class=\"name\">Breanna French<\/p>\n            <p class=\"pos\">Head of Design<\/p>\n            <\/div><\/div><\/div>\n[\/vc_column][\/vc_row]<\/p>\n","protected":false},"excerpt":{"rendered":"<p>[vc_row][vc_column width=\u00bb1\/2&#8243;][vc_empty_space height=\u00bb60px\u00bb][vc_column_text el_class=\u00bbst-aboutus-title\u00bb] Qui\u00e9nes Somos [\/vc_column_text][vc_column_text el_class=\u00bbst-aboutus-content\u00bb]Somos una agencia de viajes conformada por profesionales expertos y apasionados por lo que hacemos. Nuestra s\u00f3lida experiencia nos permite ofrecer los mejores destinos brindando atenci\u00f3n personalizada y asegurando la satisfacci\u00f3n de nuestros clientes. Nuestro conocimiento de los destinos nos permite brindar servicios de excelencia para viajes de [&hellip;]<\/p>\n","protected":false},"author":2,"featured_media":9715,"parent":0,"menu_order":0,"comment_status":"closed","ping_status":"closed","template":"template-home-modern.php","meta":{"footnotes":""},"class_list":["post-8028","page","type-page","status-publish","has-post-thumbnail","hentry"],"_links":{"self":[{"href":"http:\/\/tabaratravel.com.ar\/es\/wp-json\/wp\/v2\/pages\/8028","targetHints":{"allow":["GET"]}}],"collection":[{"href":"http:\/\/tabaratravel.com.ar\/es\/wp-json\/wp\/v2\/pages"}],"about":[{"href":"http:\/\/tabaratravel.com.ar\/es\/wp-json\/wp\/v2\/types\/page"}],"author":[{"embeddable":true,"href":"http:\/\/tabaratravel.com.ar\/es\/wp-json\/wp\/v2\/users\/2"}],"replies":[{"embeddable":true,"href":"http:\/\/tabaratravel.com.ar\/es\/wp-json\/wp\/v2\/comments?post=8028"}],"version-history":[{"count":11,"href":"http:\/\/tabaratravel.com.ar\/es\/wp-json\/wp\/v2\/pages\/8028\/revisions"}],"predecessor-version":[{"id":10130,"href":"http:\/\/tabaratravel.com.ar\/es\/wp-json\/wp\/v2\/pages\/8028\/revisions\/10130"}],"wp:featuredmedia":[{"embeddable":true,"href":"http:\/\/tabaratravel.com.ar\/es\/wp-json\/wp\/v2\/media\/9715"}],"wp:attachment":[{"href":"http:\/\/tabaratravel.com.ar\/es\/wp-json\/wp\/v2\/media?parent=8028"}],"curies":[{"name":"wp","href":"https:\/\/api.w.org\/{rel}","templated":true}]}}